{"id":49,"date":"2023-03-16T18:16:19","date_gmt":"2023-03-16T17:16:19","guid":{"rendered":"https:\/\/www.brune-architekten.de\/office\/"},"modified":"2023-09-18T16:00:54","modified_gmt":"2023-09-18T14:00:54","slug":"office","status":"publish","type":"page","link":"https:\/\/www.brune-architekten.de\/en\/office\/","title":{"rendered":"OFFICE"},"content":{"rendered":"\n<h1 class=\"wp-block-heading h1\">OFFICE<\/h1>\n\n\n\n<p>STUDIO MUNICH<\/p>\n\n\n\n<figure class=\"wp-block-image size-medium\"><img decoding=\"async\" loading=\"lazy\" width=\"376\" height=\"500\" src=\"https:\/\/www.brune-architekten.de\/app\/uploads\/2023\/05\/OFFICE-376x500.jpg\" alt=\"\" class=\"wp-image-380\" srcset=\"https:\/\/www.brune-architekten.de\/app\/uploads\/2023\/05\/OFFICE-376x500.jpg 376w, https:\/\/www.brune-architekten.de\/app\/uploads\/2023\/05\/OFFICE-902x1200.jpg 902w, https:\/\/www.brune-architekten.de\/app\/uploads\/2023\/05\/OFFICE-768x1022.jpg 768w, https:\/\/www.brune-architekten.de\/app\/uploads\/2023\/05\/OFFICE-1154x1536.jpg 1154w, https:\/\/www.brune-architekten.de\/app\/uploads\/2023\/05\/OFFICE-526x700.jpg 526w, https:\/\/www.brune-architekten.de\/app\/uploads\/2023\/05\/OFFICE.jpg 1234w\" sizes=\"(max-width: 376px) 100vw, 376px\" \/><\/figure>\n\n\n\n<div class=\"wp-block-columns alignwide is-layout-flex wp-container-3 wp-block-columns-is-layout-flex\">\n<div class=\"wp-block-column is-layout-flow wp-block-column-is-layout-flow\" style=\"flex-basis:37%\">\n<p>We believe that the quality of the built environment is an essential part of our quality of life.<\/p>\n\n\n\n<p>Brune Architekten BDA has many years of experience in the development and execution of public and private buildings. We offer planning services in all phases and regularly take part in competitions. For quality assurance we use the structures of DIN en ISO 9000 ff.<\/p>\n\n\n\n<p>This practice, which was established by the founder and owner of the office, Wolfgang Brune, and for which he is responsible, has proven itself particularly in the field of renovation and conversion.<br>A detailed budget is drawn up in the early stages of the project. The prices used are adjusted on the basis of the literature by comparing them with priced bills of quantities in order to incorporate the latest market developments.<\/p>\n<\/div>\n\n\n\n<div class=\"wp-block-column is-vertically-aligned-bottom is-layout-flow wp-block-column-is-layout-flow\" style=\"flex-basis:60%\"><\/div>\n<\/div>\n\n\n\n<div style=\"height:50px\" aria-hidden=\"true\" class=\"wp-block-spacer\"><\/div>\n\n\n\n<h1 class=\"wp-block-heading h1\">FOUNDER<\/h1>\n\n\n\n<p>PROF. DIPL &#8211; ING. ARCHITECT AND URBAN PLANNER WOLFGANG BRUNE<\/p>\n\n\n\n<figure class=\"wp-block-image size-large is-resized\"><img decoding=\"async\" src=\"https:\/\/www.brune-architekten.de\/app\/uploads\/2023\/03\/WB-I-1-scaled-e1680593826498.jpg\" alt=\"\" style=\"width:500px\" width=\"500\"\/><\/figure>\n\n\n\n<p><strong>1998<\/strong><br>MEMBER OF THE BAVARIAN CHAMBER OF ARCHITECTS<\/p>\n\n\n\n<p><strong>2000<\/strong><br>ESTABLISHMENT OF THE OFFICE<\/p>\n\n\n\n<p><strong>2006<\/strong><br>MEMBER OF THE ASSOCIATION OF GERMAN ARCHITECTS (BUND DEUTSCHER ARCHITEKTEN BDA)<\/p>\n\n\n\n<p><strong>2000 &#8211; 2007<\/strong><br>TEACHING POSTION AT THE TECHNICAL UNIVERSITY MUNICH (TUM)<\/p>\n\n\n\n<p><strong>2007<\/strong><br>AWARD OF THE CITY OF MUNICH IN THE FIELD OF ARCHITECTURE<\/p>\n\n\n\n<p><strong>SINCE 2007<\/strong><br>VARIOUS GUEST LECTURES: TU MUNICH, FH ROSENHEIM, HEIDELBERGER ZEMENT-FORUM, BLOCHERER SCHOOL MUNICH, ETC.<\/p>\n\n\n\n<p><strong>SINCE 2017<\/strong><br>PROFESSORSHIP AT THE FH BIBERACH<\/p>\n\n\n\n<div style=\"height:50px\" aria-hidden=\"true\" class=\"wp-block-spacer\"><\/div>\n\n\n\n<div style=\"height:0px\" aria-hidden=\"true\" class=\"wp-block-spacer\"><\/div>\n\n\n\n<h1 class=\"wp-block-heading\">TEAM<\/h1>\n\n\n\n<p>2000 &gt; TODAY<\/p>\n\n\n\n<figure class=\"wp-block-image size-medium\"><img decoding=\"async\" loading=\"lazy\" width=\"376\" height=\"500\" src=\"https:\/\/www.brune-architekten.de\/app\/uploads\/2023\/09\/TEAM-376x500.jpg\" alt=\"\" class=\"wp-image-903\" srcset=\"https:\/\/www.brune-architekten.de\/app\/uploads\/2023\/09\/TEAM-376x500.jpg 376w, https:\/\/www.brune-architekten.de\/app\/uploads\/2023\/09\/TEAM-902x1200.jpg 902w, https:\/\/www.brune-architekten.de\/app\/uploads\/2023\/09\/TEAM-768x1022.jpg 768w, https:\/\/www.brune-architekten.de\/app\/uploads\/2023\/09\/TEAM-1154x1536.jpg 1154w, https:\/\/www.brune-architekten.de\/app\/uploads\/2023\/09\/TEAM-526x700.jpg 526w, https:\/\/www.brune-architekten.de\/app\/uploads\/2023\/09\/TEAM.jpg 1234w\" sizes=\"(max-width: 376px) 100vw, 376px\" \/><\/figure>\n\n\n\n<p>Sarina Arnold . Christian Berndt . Franziska Beckert . Christian Brandauer . Julia Daller S\u00f6ren Damm . Lena Distler . Martin Duwe . Constanze Einhell . Eva Fischer . <strong>Anja Hartig<\/strong> . Caroline H\u00f6rger . Iris H\u00fcttinger . Jannik Karnapp . Felix Kr\u00fctli . Andreas Lechthaler . Jin Soon Lee . Jung Hoon Lee . <strong>Chiara Liebermann<\/strong> . Maria M\u00e4derf . Doris Mahr . <strong>Angelo Menduto<\/strong> . Sabrina Menke . Marta Montalvo . Maja Mijatovic . Sebastian Multerer . Sunhye Park . Eva Pigulla . Nina Pe\u00f1a . Saskia Ploneit Sandra Ploner . Hanna Ruck . Carole Rausch . Daniel Rolek . Silvia Rinke . <strong>Sandra Risso<\/strong> . <strong>Kiara Sch\u00f6llhorn<\/strong> . Julia Sanziana Panaitescu . Jutta Schaber . Jerome Sprenger . <strong>David Str\u00e4hle<\/strong> . <strong>Samy Thach<\/strong> . Julian Wagner . Theresa Wanie . <strong>Claudia Weinert<\/strong> . Cora Wimbauer . Tilman Winter . Carolin Wittenbeck<\/p>\n","protected":false},"excerpt":{"rendered":"<p>OFFICE STUDIO MUNICH We believe that the quality of the built environment is an essential part of our quality of life. Brune Architekten BDA has &hellip;<\/p>\n","protected":false},"author":1,"featured_media":0,"parent":0,"menu_order":0,"comment_status":"closed","ping_status":"closed","template":"","meta":{"footnotes":""},"yoast_head":"<!-- This site is optimized with the Yoast SEO plugin v21.1 - https:\/\/yoast.com\/wordpress\/plugins\/seo\/ -->\n<title>OFFICE - Brune Architekten BDA<\/title>\n<meta name=\"robots\" content=\"index, follow, max-snippet:-1, max-image-preview:large, max-video-preview:-1\" \/>\n<link rel=\"canonical\" href=\"https:\/\/www.brune-architekten.de\/en\/office\/\" \/>\n<meta property=\"og:locale\" content=\"en_US\" \/>\n<meta property=\"og:type\" content=\"article\" \/>\n<meta property=\"og:title\" content=\"OFFICE - Brune Architekten BDA\" \/>\n<meta property=\"og:description\" content=\"OFFICE STUDIO MUNICH We believe that the quality of the built environment is an essential part of our quality of life. Brune Architekten BDA has &hellip;\" \/>\n<meta property=\"og:url\" content=\"https:\/\/www.brune-architekten.de\/en\/office\/\" \/>\n<meta property=\"og:site_name\" content=\"Brune Architekten BDA\" \/>\n<meta property=\"article:modified_time\" content=\"2023-09-18T14:00:54+00:00\" \/>\n<meta property=\"og:image\" content=\"https:\/\/www.brune-architekten.de\/app\/uploads\/2023\/05\/OFFICE-376x500.jpg\" \/>\n<script type=\"application\/ld+json\" class=\"yoast-schema-graph\">{\"@context\":\"https:\/\/schema.org\",\"@graph\":[{\"@type\":\"WebPage\",\"@id\":\"https:\/\/www.brune-architekten.de\/en\/office\/\",\"url\":\"https:\/\/www.brune-architekten.de\/en\/office\/\",\"name\":\"OFFICE - Brune Architekten BDA\",\"isPartOf\":{\"@id\":\"https:\/\/www.brune-architekten.de\/#website\"},\"datePublished\":\"2023-03-16T17:16:19+00:00\",\"dateModified\":\"2023-09-18T14:00:54+00:00\",\"breadcrumb\":{\"@id\":\"https:\/\/www.brune-architekten.de\/en\/office\/#breadcrumb\"},\"inLanguage\":\"en-US\",\"potentialAction\":[{\"@type\":\"ReadAction\",\"target\":[\"https:\/\/www.brune-architekten.de\/en\/office\/\"]}]},{\"@type\":\"BreadcrumbList\",\"@id\":\"https:\/\/www.brune-architekten.de\/en\/office\/#breadcrumb\",\"itemListElement\":[{\"@type\":\"ListItem\",\"position\":1,\"name\":\"Startseite\",\"item\":\"https:\/\/www.brune-architekten.de\/en\/\"},{\"@type\":\"ListItem\",\"position\":2,\"name\":\"OFFICE\"}]},{\"@type\":\"WebSite\",\"@id\":\"https:\/\/www.brune-architekten.de\/#website\",\"url\":\"https:\/\/www.brune-architekten.de\/\",\"name\":\"Brune Architekten BDA\",\"description\":\"\",\"potentialAction\":[{\"@type\":\"SearchAction\",\"target\":{\"@type\":\"EntryPoint\",\"urlTemplate\":\"https:\/\/www.brune-architekten.de\/?s={search_term_string}\"},\"query-input\":\"required name=search_term_string\"}],\"inLanguage\":\"en-US\"}]}<\/script>\n<!-- \/ Yoast SEO plugin. -->","yoast_head_json":{"title":"OFFICE - Brune Architekten BDA","robots":{"index":"index","follow":"follow","max-snippet":"max-snippet:-1","max-image-preview":"max-image-preview:large","max-video-preview":"max-video-preview:-1"},"canonical":"https:\/\/www.brune-architekten.de\/en\/office\/","og_locale":"en_US","og_type":"article","og_title":"OFFICE - Brune Architekten BDA","og_description":"OFFICE STUDIO MUNICH We believe that the quality of the built environment is an essential part of our quality of life. Brune Architekten BDA has &hellip;","og_url":"https:\/\/www.brune-architekten.de\/en\/office\/","og_site_name":"Brune Architekten BDA","article_modified_time":"2023-09-18T14:00:54+00:00","og_image":[{"url":"https:\/\/www.brune-architekten.de\/app\/uploads\/2023\/05\/OFFICE-376x500.jpg"}],"schema":{"@context":"https:\/\/schema.org","@graph":[{"@type":"WebPage","@id":"https:\/\/www.brune-architekten.de\/en\/office\/","url":"https:\/\/www.brune-architekten.de\/en\/office\/","name":"OFFICE - Brune Architekten BDA","isPartOf":{"@id":"https:\/\/www.brune-architekten.de\/#website"},"datePublished":"2023-03-16T17:16:19+00:00","dateModified":"2023-09-18T14:00:54+00:00","breadcrumb":{"@id":"https:\/\/www.brune-architekten.de\/en\/office\/#breadcrumb"},"inLanguage":"en-US","potentialAction":[{"@type":"ReadAction","target":["https:\/\/www.brune-architekten.de\/en\/office\/"]}]},{"@type":"BreadcrumbList","@id":"https:\/\/www.brune-architekten.de\/en\/office\/#breadcrumb","itemListElement":[{"@type":"ListItem","position":1,"name":"Startseite","item":"https:\/\/www.brune-architekten.de\/en\/"},{"@type":"ListItem","position":2,"name":"OFFICE"}]},{"@type":"WebSite","@id":"https:\/\/www.brune-architekten.de\/#website","url":"https:\/\/www.brune-architekten.de\/","name":"Brune Architekten BDA","description":"","potentialAction":[{"@type":"SearchAction","target":{"@type":"EntryPoint","urlTemplate":"https:\/\/www.brune-architekten.de\/?s={search_term_string}"},"query-input":"required name=search_term_string"}],"inLanguage":"en-US"}]}},"_links":{"self":[{"href":"https:\/\/www.brune-architekten.de\/en\/wp-json\/wp\/v2\/pages\/49"}],"collection":[{"href":"https:\/\/www.brune-architekten.de\/en\/wp-json\/wp\/v2\/pages"}],"about":[{"href":"https:\/\/www.brune-architekten.de\/en\/wp-json\/wp\/v2\/types\/page"}],"author":[{"embeddable":true,"href":"https:\/\/www.brune-architekten.de\/en\/wp-json\/wp\/v2\/users\/1"}],"replies":[{"embeddable":true,"href":"https:\/\/www.brune-architekten.de\/en\/wp-json\/wp\/v2\/comments?post=49"}],"version-history":[{"count":11,"href":"https:\/\/www.brune-architekten.de\/en\/wp-json\/wp\/v2\/pages\/49\/revisions"}],"predecessor-version":[{"id":994,"href":"https:\/\/www.brune-architekten.de\/en\/wp-json\/wp\/v2\/pages\/49\/revisions\/994"}],"wp:attachment":[{"href":"https:\/\/www.brune-architekten.de\/en\/wp-json\/wp\/v2\/media?parent=49"}],"curies":[{"name":"wp","href":"https:\/\/api.w.org\/{rel}","templated":true}]}}